{"id":1426,"date":"2023-09-25T04:45:11","date_gmt":"2023-09-25T04:45:11","guid":{"rendered":"https:\/\/vivirbiendelicias.org\/?page_id=1426"},"modified":"2023-09-25T05:00:31","modified_gmt":"2023-09-25T05:00:31","slug":"donativos","status":"publish","type":"page","link":"https:\/\/vivirbiendelicias.org\/index.php\/donativos\/","title":{"rendered":"Donativos"},"content":{"rendered":"\t\t<div data-elementor-type=\"wp-page\" data-elementor-id=\"1426\" class=\"elementor elementor-1426\" data-elementor-post-type=\"page\">\n\t\t\t\t\t\t\t\t\t<section class=\"elementor-section elementor-top-section elementor-element elementor-element-c8ddeb6 elementor-section-height-min-height elementor-section-boxed elementor-section-height-default elementor-section-items-middle\" data-id=\"c8ddeb6\" data-element_type=\"section\" data-settings=\"{&quot;background_background&quot;:&quot;classic&quot;}\">\n\t\t\t\t\t\t\t<div class=\"elementor-background-overlay\"><\/div>\n\t\t\t\t\t\t\t<div class=\"elementor-container elementor-column-gap-default\">\n\t\t\t\t\t<div class=\"elementor-column elementor-col-100 elementor-top-column elementor-element elementor-element-6a5337e\" data-id=\"6a5337e\" data-element_type=\"column\">\n\t\t\t<div class=\"elementor-widget-wrap elementor-element-populated\">\n\t\t\t\t\t\t\t\t<div class=\"elementor-element elementor-element-feefb6c elementor-widget elementor-widget-heading\" data-id=\"feefb6c\" data-element_type=\"widget\" data-widget_type=\"heading.default\">\n\t\t\t\t<div class=\"elementor-widget-container\">\n\t\t\t<style>\/*! elementor - v3.16.0 - 20-09-2023 *\/\n.elementor-heading-title{padding:0;margin:0;line-height:1}.elementor-widget-heading .elementor-heading-title[class*=elementor-size-]>a{color:inherit;font-size:inherit;line-height:inherit}.elementor-widget-heading .elementor-heading-title.elementor-size-small{font-size:15px}.elementor-widget-heading .elementor-heading-title.elementor-size-medium{font-size:19px}.elementor-widget-heading .elementor-heading-title.elementor-size-large{font-size:29px}.elementor-widget-heading .elementor-heading-title.elementor-size-xl{font-size:39px}.elementor-widget-heading .elementor-heading-title.elementor-size-xxl{font-size:59px}<\/style><h1 class=\"elementor-heading-title elementor-size-default\">Donativos<\/h1>\t\t<\/div>\n\t\t\t\t<\/div>\n\t\t\t\t\t<\/div>\n\t\t<\/div>\n\t\t\t\t\t\t\t<\/div>\n\t\t<\/section>\n\t\t\t\t<section class=\"elementor-section elementor-top-section elementor-element elementor-element-034f786 elementor-section-boxed elementor-section-height-default elementor-section-height-default\" data-id=\"034f786\" data-element_type=\"section\">\n\t\t\t\t\t\t<div class=\"elementor-container elementor-column-gap-default\">\n\t\t\t\t\t<div class=\"elementor-column elementor-col-100 elementor-top-column elementor-element elementor-element-ba0c118\" data-id=\"ba0c118\" data-element_type=\"column\">\n\t\t\t<div class=\"elementor-widget-wrap elementor-element-populated\">\n\t\t\t\t\t\t\t\t<div class=\"elementor-element elementor-element-3dc998b elementor-widget elementor-widget-heading\" data-id=\"3dc998b\" data-element_type=\"widget\" data-widget_type=\"heading.default\">\n\t\t\t\t<div class=\"elementor-widget-container\">\n\t\t\t<h1 class=\"elementor-heading-title elementor-size-small\">\u00bfC\u00f3mo puedo apoyar? <\/h1>\t\t<\/div>\n\t\t\t\t<\/div>\n\t\t\t\t<div class=\"elementor-element elementor-element-5df893f elementor-widget elementor-widget-text-editor\" data-id=\"5df893f\" data-element_type=\"widget\" data-widget_type=\"text-editor.default\">\n\t\t\t\t<div class=\"elementor-widget-container\">\n\t\t\t<style>\/*! elementor - v3.16.0 - 20-09-2023 *\/\n.elementor-widget-text-editor.elementor-drop-cap-view-stacked .elementor-drop-cap{background-color:#69727d;color:#fff}.elementor-widget-text-editor.elementor-drop-cap-view-framed .elementor-drop-cap{color:#69727d;border:3px solid;background-color:transparent}.elementor-widget-text-editor:not(.elementor-drop-cap-view-default) .elementor-drop-cap{margin-top:8px}.elementor-widget-text-editor:not(.elementor-drop-cap-view-default) .elementor-drop-cap-letter{width:1em;height:1em}.elementor-widget-text-editor .elementor-drop-cap{float:left;text-align:center;line-height:1;font-size:50px}.elementor-widget-text-editor .elementor-drop-cap-letter{display:inline-block}<\/style>\t\t\t\t<p style=\"text-align: justify; mso-pagination: none;\">Puedes contactarnos v\u00eda Facebook en nuestra p\u00e1gina <b>Asilosanjuan<\/b>, al n\u00famero de tel\u00e9fono 6394676998, a trav\u00e9s del correo electr\u00f3nico: vivirbienendelicias2@hotmail.com, o puedes visitar las instalaciones <b>Asilo San Juan Diego<\/b> en Ave Prolongaci\u00f3n 20 de noviembre #1724, Colonia del Empleado, Cd. Delicias, Chihuahua.<\/p><p style=\"text-align: justify; mso-pagination: none;\">\u00a0<\/p><h6>\u00b7<span style=\"text-align: justify; text-indent: -37.7953px; font-size: 11pt; line-height: 18.3333px; font-family: Calibri, sans-serif;\">\u00a0<\/span>Donativo en efectivo.<\/h6><p style=\"margin-left: 1.0cm; text-align: justify; text-indent: -1.0cm; mso-pagination: none;\"><span lang=\"X-NONE\" style=\"font-size: 11.0pt; line-height: 125%; font-family: 'Calibri',sans-serif; mso-ascii-theme-font: minor-latin; mso-hansi-theme-font: minor-latin; mso-bidi-theme-font: minor-latin; mso-ansi-language: X-NONE;\">\u00b7<\/span><span style=\"font-size: 11.0pt; line-height: 125%; font-family: 'Calibri',sans-serif; mso-ascii-theme-font: minor-latin; mso-hansi-theme-font: minor-latin; mso-bidi-theme-font: minor-latin;\">\u00a0<\/span><span lang=\"ES\" style=\"font-size: 11.0pt; line-height: 125%; font-family: 'Calibri',sans-serif; mso-ascii-theme-font: minor-latin; mso-hansi-theme-font: minor-latin; mso-bidi-theme-font: minor-latin; mso-ligatures: none; mso-ansi-language: ES;\">Donativo en efectivo en forma anual.<\/span><\/p><p style=\"margin-left: 1.0cm; text-align: justify; text-indent: -1.0cm; mso-pagination: none;\"><span lang=\"X-NONE\" style=\"font-size: 11.0pt; line-height: 125%; font-family: 'Calibri',sans-serif; mso-ascii-theme-font: minor-latin; mso-hansi-theme-font: minor-latin; mso-bidi-theme-font: minor-latin; mso-ansi-language: X-NONE;\">\u00b7<\/span><span style=\"font-size: 11.0pt; line-height: 125%; font-family: 'Calibri',sans-serif; mso-ascii-theme-font: minor-latin; mso-hansi-theme-font: minor-latin; mso-bidi-theme-font: minor-latin;\">\u00a0<\/span><span lang=\"ES\" style=\"font-size: 11.0pt; line-height: 125%; font-family: 'Calibri',sans-serif; mso-ascii-theme-font: minor-latin; mso-hansi-theme-font: minor-latin; mso-bidi-theme-font: minor-latin; mso-ligatures: none; mso-ansi-language: ES;\">Donativo en especie. (alimentos, medicamentos, pa\u00f1ales)<\/span><\/p><p style=\"margin-left: 1.0cm; text-align: justify; text-indent: -1.0cm; mso-pagination: none;\"><span lang=\"X-NONE\" style=\"font-size: 11.0pt; line-height: 125%; font-family: 'Calibri',sans-serif; mso-ascii-theme-font: minor-latin; mso-hansi-theme-font: minor-latin; mso-bidi-theme-font: minor-latin; mso-ansi-language: X-NONE;\">\u00b7<\/span><span style=\"font-size: 11.0pt; line-height: 125%; font-family: 'Calibri',sans-serif; mso-ascii-theme-font: minor-latin; mso-hansi-theme-font: minor-latin; mso-bidi-theme-font: minor-latin;\">\u00a0<\/span><span lang=\"ES\" style=\"font-size: 11.0pt; line-height: 125%; font-family: 'Calibri',sans-serif; mso-ascii-theme-font: minor-latin; mso-hansi-theme-font: minor-latin; mso-bidi-theme-font: minor-latin; mso-ligatures: none; mso-ansi-language: ES;\">Voluntariado y servicio social.<\/span><\/p>\t\t\t\t\t\t<\/div>\n\t\t\t\t<\/div>\n\t\t\t\t<div class=\"elementor-element elementor-element-9fdb291 elementor-widget elementor-widget-image\" data-id=\"9fdb291\" data-element_type=\"widget\" data-widget_type=\"image.default\">\n\t\t\t\t<div class=\"elementor-widget-container\">\n\t\t\t<style>\/*! elementor - v3.16.0 - 20-09-2023 *\/\n.elementor-widget-image{text-align:center}.elementor-widget-image a{display:inline-block}.elementor-widget-image a img[src$=\".svg\"]{width:48px}.elementor-widget-image img{vertical-align:middle;display:inline-block}<\/style>\t\t\t\t\t\t\t\t\t\t\t\t<img decoding=\"async\" loading=\"lazy\" width=\"2048\" height=\"1536\" src=\"https:\/\/vivirbiendelicias.org\/wp-content\/uploads\/2023\/09\/346104127_775759367378423_258606474473567615_n-1.jpg\" class=\"attachment-full size-full wp-image-1434\" alt=\"\" srcset=\"https:\/\/vivirbiendelicias.org\/wp-content\/uploads\/2023\/09\/346104127_775759367378423_258606474473567615_n-1.jpg 2048w, https:\/\/vivirbiendelicias.org\/wp-content\/uploads\/2023\/09\/346104127_775759367378423_258606474473567615_n-1-300x225.jpg 300w, https:\/\/vivirbiendelicias.org\/wp-content\/uploads\/2023\/09\/346104127_775759367378423_258606474473567615_n-1-1024x768.jpg 1024w, https:\/\/vivirbiendelicias.org\/wp-content\/uploads\/2023\/09\/346104127_775759367378423_258606474473567615_n-1-768x576.jpg 768w, https:\/\/vivirbiendelicias.org\/wp-content\/uploads\/2023\/09\/346104127_775759367378423_258606474473567615_n-1-1536x1152.jpg 1536w\" sizes=\"(max-width: 2048px) 100vw, 2048px\" \/>\t\t\t\t\t\t\t\t\t\t\t\t\t\t\t<\/div>\n\t\t\t\t<\/div>\n\t\t\t\t\t<\/div>\n\t\t<\/div>\n\t\t\t\t\t\t\t<\/div>\n\t\t<\/section>\n\t\t\t\t\t\t\t<\/div>\n\t\t","protected":false},"excerpt":{"rendered":"<p>Donativos \u00bfC\u00f3mo puedo apoyar? Puedes contactarnos v\u00eda Facebook en nuestra p\u00e1gina Asilosanjuan, al n\u00famero de tel\u00e9fono 6394676998, a trav\u00e9s del correo electr\u00f3nico: vivirbienendelicias2@hotmail.com, o puedes visitar las instalaciones Asilo San Juan Diego en Ave Prolongaci\u00f3n 20 de noviembre #1724, Colonia del Empleado, Cd. Delicias, Chihuahua. \u00a0 \u00b7\u00a0Donativo en efectivo. \u00b7\u00a0Donativo en efectivo en forma anual. &hellip;<\/p>\n<p class=\"read-more\"> <a class=\"\" href=\"https:\/\/vivirbiendelicias.org\/index.php\/donativos\/\"> <span class=\"screen-reader-text\">Donativos<\/span> Read More &raquo;<\/a><\/p>\n","protected":false},"author":1,"featured_media":0,"parent":0,"menu_order":0,"comment_status":"closed","ping_status":"closed","template":"","meta":{"site-sidebar-layout":"no-sidebar","site-content-layout":"page-builder","ast-site-content-layout":"full-width-container","site-content-style":"unboxed","site-sidebar-style":"unboxed","ast-global-header-display":"","ast-banner-title-visibility":"","ast-main-header-display":"","ast-hfb-above-header-display":"","ast-hfb-below-header-display":"","ast-hfb-mobile-header-display":"","site-post-title":"disabled","ast-breadcrumbs-content":"","ast-featured-img":"disabled","footer-sml-layout":"","theme-transparent-header-meta":"enabled","adv-header-id-meta":"","stick-header-meta":"","header-above-stick-meta":"","header-main-stick-meta":"","header-below-stick-meta":"","astra-migrate-meta-layouts":"set","footnotes":""},"_links":{"self":[{"href":"https:\/\/vivirbiendelicias.org\/index.php\/wp-json\/wp\/v2\/pages\/1426"}],"collection":[{"href":"https:\/\/vivirbiendelicias.org\/index.php\/wp-json\/wp\/v2\/pages"}],"about":[{"href":"https:\/\/vivirbiendelicias.org\/index.php\/wp-json\/wp\/v2\/types\/page"}],"author":[{"embeddable":true,"href":"https:\/\/vivirbiendelicias.org\/index.php\/wp-json\/wp\/v2\/users\/1"}],"replies":[{"embeddable":true,"href":"https:\/\/vivirbiendelicias.org\/index.php\/wp-json\/wp\/v2\/comments?post=1426"}],"version-history":[{"count":4,"href":"https:\/\/vivirbiendelicias.org\/index.php\/wp-json\/wp\/v2\/pages\/1426\/revisions"}],"predecessor-version":[{"id":1437,"href":"https:\/\/vivirbiendelicias.org\/index.php\/wp-json\/wp\/v2\/pages\/1426\/revisions\/1437"}],"wp:attachment":[{"href":"https:\/\/vivirbiendelicias.org\/index.php\/wp-json\/wp\/v2\/media?parent=1426"}],"curies":[{"name":"wp","href":"https:\/\/api.w.org\/{rel}","templated":true}]}}